{"id":105,"date":"2021-08-17T11:02:38","date_gmt":"2021-08-17T11:02:38","guid":{"rendered":"https:\/\/szuleskonyv.hu\/?page_id=105"},"modified":"2025-12-07T11:10:52","modified_gmt":"2025-12-07T11:10:52","slug":"beleolvasnal","status":"publish","type":"page","link":"https:\/\/szuleskonyv.hu\/index.php\/beleolvasnal\/","title":{"rendered":"Beleolvasn\u00e1l?"},"content":{"rendered":"<p>[vc_row][vc_column][vc_column_text]<\/p>\n<h1 style=\"text-align: center;\">Beleolvasn\u00e1l a k\u00f6nyvbe?<\/h1>\n<p>[\/vc_column_text][\/vc_column][\/vc_row][vc_row][vc_column][vc_tta_tabs alignment=&#8221;center&#8221; active_section=&#8221;1&#8243;][vc_tta_section title=&#8221;Sz\u00fcl\u00e9sk\u00f6nyv&#8221; tab_id=&#8221;1663579371835-a996999a-fc9c&#8221;][vc_column_text]<\/p>\n<p style=\"text-align: center;\">I. r\u00e9sz<\/p>\n<p>[\/vc_column_text][vc_row_inner][vc_column_inner width=&#8221;1\/2&#8243;][vc_column_text]<\/p>\n<p style=\"text-align: center;\"><a href=\"https:\/\/szuleskonyv.hu\/wp-content\/uploads\/2023\/07\/56-59.-oldal.pdf\" target=\"_blank\" rel=\"noopener\"><img loading=\"lazy\" decoding=\"async\" class=\"aligncenter wp-image-80\" src=\"https:\/\/szuleskonyv.hu\/wp-content\/uploads\/2021\/08\/195px-PDF_file_icon.svg_.png\" alt=\"\" width=\"75\" height=\"92\" \/><\/a>056-059. oldal<\/p>\n<p>[\/vc_column_text][\/vc_column_inner][vc_column_inner width=&#8221;1\/2&#8243;][vc_column_text]<\/p>\n<p style=\"text-align: center;\"><a href=\"https:\/\/szuleskonyv.hu\/wp-content\/uploads\/2023\/07\/106-107.-oldal.pdf\" target=\"_blank\" rel=\"noopener\"><img loading=\"lazy\" decoding=\"async\" class=\"aligncenter wp-image-80\" src=\"https:\/\/szuleskonyv.hu\/wp-content\/uploads\/2021\/08\/195px-PDF_file_icon.svg_.png\" alt=\"\" width=\"75\" height=\"92\" \/><\/a>106-107. oldal<\/p>\n<p>[\/vc_column_text][\/vc_column_inner][\/vc_row_inner][vc_column_text]<\/p>\n<p style=\"text-align: center;\">II. r\u00e9sz<\/p>\n<p>[\/vc_column_text][vc_row_inner][vc_column_inner width=&#8221;1\/2&#8243;][vc_column_text]<\/p>\n<p style=\"text-align: center;\"><a href=\"https:\/\/szuleskonyv.hu\/wp-content\/uploads\/2023\/07\/116-117.-oldal.pdf\" target=\"_blank\" rel=\"noopener\"><img loading=\"lazy\" decoding=\"async\" class=\"aligncenter wp-image-80\" src=\"https:\/\/szuleskonyv.hu\/wp-content\/uploads\/2021\/08\/195px-PDF_file_icon.svg_.png\" alt=\"\" width=\"75\" height=\"92\" \/><\/a>116-117. oldal<\/p>\n<p>[\/vc_column_text][\/vc_column_inner][vc_column_inner width=&#8221;1\/2&#8243;][vc_column_text]<\/p>\n<p style=\"text-align: center;\"><a href=\"https:\/\/szuleskonyv.hu\/wp-content\/uploads\/2023\/07\/127-129.-oldal.pdf\" target=\"_blank\" rel=\"noopener\"><img loading=\"lazy\" decoding=\"async\" class=\"aligncenter wp-image-80\" src=\"https:\/\/szuleskonyv.hu\/wp-content\/uploads\/2021\/08\/195px-PDF_file_icon.svg_.png\" alt=\"\" width=\"75\" height=\"92\" \/><\/a>127-129. oldal<\/p>\n<p>[\/vc_column_text][\/vc_column_inner][\/vc_row_inner][vc_column_text]<\/p>\n<p style=\"text-align: center;\">III. r\u00e9sz<\/p>\n<p>[\/vc_column_text][vc_row_inner][vc_column_inner width=&#8221;1\/2&#8243;][vc_column_text]<\/p>\n<p style=\"text-align: center;\"><a href=\"https:\/\/szuleskonyv.hu\/wp-content\/uploads\/2023\/07\/174-177.-oldal.pdf\" target=\"_blank\" rel=\"noopener\"><img loading=\"lazy\" decoding=\"async\" class=\"aligncenter wp-image-80\" src=\"https:\/\/szuleskonyv.hu\/wp-content\/uploads\/2021\/08\/195px-PDF_file_icon.svg_.png\" alt=\"\" width=\"75\" height=\"92\" \/><\/a>174-177. oldal<\/p>\n<p>[\/vc_column_text][\/vc_column_inner][vc_column_inner width=&#8221;1\/2&#8243;][vc_column_text]<\/p>\n<p style=\"text-align: center;\"><a href=\"https:\/\/szuleskonyv.hu\/wp-content\/uploads\/2023\/07\/209-211.-oldal.pdf\" target=\"_blank\" rel=\"noopener\"><img loading=\"lazy\" decoding=\"async\" class=\"aligncenter wp-image-80\" src=\"https:\/\/szuleskonyv.hu\/wp-content\/uploads\/2021\/08\/195px-PDF_file_icon.svg_.png\" alt=\"\" width=\"75\" height=\"92\" \/><\/a>209-211. oldal<\/p>\n<p>[\/vc_column_text][\/vc_column_inner][\/vc_row_inner][vc_column_text]<\/p>\n<p style=\"text-align: center;\">IV. r\u00e9sz<\/p>\n<p>[\/vc_column_text][vc_row_inner][vc_column_inner width=&#8221;1\/2&#8243;][vc_column_text]<\/p>\n<p style=\"text-align: center;\"><a href=\"https:\/\/szuleskonyv.hu\/wp-content\/uploads\/2023\/07\/245-246.-oldal.pdf\" target=\"_blank\" rel=\"noopener\"><img loading=\"lazy\" decoding=\"async\" class=\"aligncenter wp-image-80\" src=\"https:\/\/szuleskonyv.hu\/wp-content\/uploads\/2021\/08\/195px-PDF_file_icon.svg_.png\" alt=\"\" width=\"75\" height=\"92\" \/><\/a>245-246. oldal<\/p>\n<p>[\/vc_column_text][\/vc_column_inner][vc_column_inner width=&#8221;1\/2&#8243;][vc_column_text]<\/p>\n<p style=\"text-align: center;\"><a href=\"https:\/\/szuleskonyv.hu\/wp-content\/uploads\/2023\/07\/254-255.-oldal.pdf\" target=\"_blank\" rel=\"noopener\"><img loading=\"lazy\" decoding=\"async\" class=\"aligncenter wp-image-80\" src=\"https:\/\/szuleskonyv.hu\/wp-content\/uploads\/2021\/08\/195px-PDF_file_icon.svg_.png\" alt=\"\" width=\"75\" height=\"92\" \/><\/a>254-255. oldal<\/p>\n<p>[\/vc_column_text][\/vc_column_inner][\/vc_row_inner][vc_column_text]<\/p>\n<p style=\"text-align: center;\">V. r\u00e9sz<\/p>\n<p>[\/vc_column_text][vc_row_inner][vc_column_inner width=&#8221;1\/2&#8243;][vc_column_text]<\/p>\n<p style=\"text-align: center;\"><a href=\"https:\/\/szuleskonyv.hu\/wp-content\/uploads\/2023\/07\/262-263.-oldal.pdf\" target=\"_blank\" rel=\"noopener\"><img loading=\"lazy\" decoding=\"async\" class=\"aligncenter wp-image-80\" src=\"https:\/\/szuleskonyv.hu\/wp-content\/uploads\/2021\/08\/195px-PDF_file_icon.svg_.png\" alt=\"\" width=\"75\" height=\"92\" \/><\/a>262-263. oldal<\/p>\n<p>[\/vc_column_text][\/vc_column_inner][vc_column_inner width=&#8221;1\/2&#8243;][vc_column_text]<\/p>\n<p style=\"text-align: center;\"><a href=\"https:\/\/szuleskonyv.hu\/wp-content\/uploads\/2023\/07\/338-339.-oldal.pdf\" target=\"_blank\" rel=\"noopener\"><img loading=\"lazy\" decoding=\"async\" class=\"aligncenter wp-image-80\" src=\"https:\/\/szuleskonyv.hu\/wp-content\/uploads\/2021\/08\/195px-PDF_file_icon.svg_.png\" alt=\"\" width=\"75\" height=\"92\" \/><\/a>338-339. oldal<\/p>\n<p>[\/vc_column_text][\/vc_column_inner][\/vc_row_inner][\/vc_tta_section][vc_tta_section title=&#8221;VBAC-K\u00f6nyv&#8221; tab_id=&#8221;1663579371851-3a2fd0ef-1637&#8243;][vc_row_inner][vc_column_inner width=&#8221;1\/6&#8243;][vc_column_text]<\/p>\n<p style=\"text-align: center;\"><a href=\"https:\/\/szuleskonyv.hu\/wp-content\/uploads\/2022\/09\/017-018.pdf\"><img loading=\"lazy\" decoding=\"async\" class=\"aligncenter wp-image-80\" src=\"https:\/\/szuleskonyv.hu\/wp-content\/uploads\/2021\/08\/195px-PDF_file_icon.svg_.png\" alt=\"\" width=\"75\" height=\"92\" \/><\/a>017-018. oldal<\/p>\n<p>[\/vc_column_text][\/vc_column_inner][vc_column_inner width=&#8221;1\/6&#8243;][vc_column_text]<\/p>\n<p style=\"text-align: center;\"><a href=\"https:\/\/szuleskonyv.hu\/wp-content\/uploads\/2022\/09\/036.pdf\"><img loading=\"lazy\" decoding=\"async\" class=\"aligncenter wp-image-80\" src=\"https:\/\/szuleskonyv.hu\/wp-content\/uploads\/2021\/08\/195px-PDF_file_icon.svg_.png\" alt=\"\" width=\"75\" height=\"92\" \/><\/a>036. oldal<\/p>\n<p>[\/vc_column_text][\/vc_column_inner][vc_column_inner width=&#8221;1\/6&#8243;][vc_column_text]<\/p>\n<p style=\"text-align: center;\"><a href=\"https:\/\/szuleskonyv.hu\/wp-content\/uploads\/2022\/09\/063-064.pdf\"><img loading=\"lazy\" decoding=\"async\" class=\"aligncenter wp-image-80\" src=\"https:\/\/szuleskonyv.hu\/wp-content\/uploads\/2021\/08\/195px-PDF_file_icon.svg_.png\" alt=\"\" width=\"75\" height=\"92\" \/><\/a>063-064. oldal<\/p>\n<p>[\/vc_column_text][\/vc_column_inner][vc_column_inner width=&#8221;1\/6&#8243;][vc_column_text]<\/p>\n<p style=\"text-align: center;\"><a href=\"https:\/\/szuleskonyv.hu\/wp-content\/uploads\/2022\/09\/108-109.pdf\"><img loading=\"lazy\" decoding=\"async\" class=\"aligncenter wp-image-80\" src=\"https:\/\/szuleskonyv.hu\/wp-content\/uploads\/2021\/08\/195px-PDF_file_icon.svg_.png\" alt=\"\" width=\"75\" height=\"92\" \/><\/a>108-109. oldal<\/p>\n<p>[\/vc_column_text][\/vc_column_inner][vc_column_inner width=&#8221;1\/6&#8243;][vc_column_text]<\/p>\n<p style=\"text-align: center;\"><a href=\"https:\/\/szuleskonyv.hu\/wp-content\/uploads\/2022\/09\/123-124.pdf\"><img loading=\"lazy\" decoding=\"async\" class=\"aligncenter wp-image-80\" src=\"https:\/\/szuleskonyv.hu\/wp-content\/uploads\/2021\/08\/195px-PDF_file_icon.svg_.png\" alt=\"\" width=\"75\" height=\"92\" \/><\/a>123-124. oldal<\/p>\n<p>[\/vc_column_text][\/vc_column_inner][vc_column_inner width=&#8221;1\/6&#8243;][vc_column_text]<\/p>\n<p style=\"text-align: center;\"><a href=\"https:\/\/szuleskonyv.hu\/wp-content\/uploads\/2022\/09\/133-134.pdf\"><img loading=\"lazy\" decoding=\"async\" class=\"aligncenter wp-image-80\" src=\"https:\/\/szuleskonyv.hu\/wp-content\/uploads\/2021\/08\/195px-PDF_file_icon.svg_.png\" alt=\"\" width=\"75\" height=\"92\" \/><\/a>133-134. oldal<\/p>\n<p>[\/vc_column_text][\/vc_column_inner][\/vc_row_inner][\/vc_tta_section][vc_tta_section title=&#8221;Apak\u00f6nyv&#8221; tab_id=&#8221;1759496727096-160f1504-494d&#8221;][vc_column_text]Kattints a k\u00f6vetkez\u0151 c\u00edmekre, \u00e9s olvass bele a k\u00f6nyvbe!<\/p>\n<p style=\"text-align: center;\"><a title=\"Tartalom \u00e9s el\u0151sz\u00f3\" href=\"https:\/\/szuleskonyv.hu\/index.php\/beleolvasnal\/tart_eloszo\/\">Tartalom \u00e9s el\u0151sz\u00f3<\/a><\/p>\n<p style=\"text-align: center;\"><a title=\"Fontos, hol sz\u00fcl a p\u00e1rod?\" href=\"https:\/\/szuleskonyv.hu\/wp-content\/uploads\/2025\/10\/fontos_hol_szul.pdf\">Fontos, hol sz\u00fcl a p\u00e1rod?<\/a><\/p>\n<p style=\"text-align: center;\"><a title=\"Az ev\u00e9s-iv\u00e1s \u00e9s a testhelyzet szerepe\" href=\"https:\/\/szuleskonyv.hu\/wp-content\/uploads\/2025\/10\/eves_testhelyzet.pdf\">Az ev\u00e9s-iv\u00e1s \u00e9s a testhelyzet szerepe<\/a><br \/>\n<a href=\"https:\/\/szuleskonyv.hu\/wp-content\/uploads\/2025\/10\/aranyora.pdf\">Arany\u00f3ra<\/a><br \/>\n<a href=\"https:\/\/szuleskonyv.hu\/wp-content\/uploads\/2025\/10\/kisero_a_mutoben.pdf\">Bemehet-e az apa a m\u0171t\u0151be?<\/a><br \/>\n<a href=\"https:\/\/szuleskonyv.hu\/wp-content\/uploads\/2025\/10\/gy_agyas_idoszak.pdf\">A gyermek\u00e1gyas id\u0151szak<\/a><\/p>\n<p style=\"text-align: center;\"><a href=\"https:\/\/szuleskonyv.hu\/wp-content\/uploads\/2025\/10\/baba_nevelese.pdf\">Kell-e nevelni a bab\u00e1t?<\/a><\/p>\n<p>&nbsp;<\/p>\n<p>&nbsp;[\/vc_column_text][\/vc_tta_section][\/vc_tta_tabs][\/vc_column][\/vc_row]<\/p>\n","protected":false},"excerpt":{"rendered":"<p>[vc_row][vc_column][vc_column_text] Beleolvasn\u00e1l a k\u00f6nyvbe? [\/vc_column_text][\/vc_column][\/vc_row][vc_row][vc_column][vc_tta_tabs alignment=&#8221;center&#8221; active_section=&#8221;1&#8243;][vc_tta_section title=&#8221;Sz\u00fcl\u00e9sk\u00f6nyv&#8221; tab_id=&#8221;1663579371835-a996999a-fc9c&#8221;][vc_column_text] I. r\u00e9sz [\/vc_column_text][vc_row_inner][vc_column_inner width=&#8221;1\/2&#8243;][vc_column_text] 056-059. oldal [\/vc_column_text][\/vc_column_inner][vc_column_inner width=&#8221;1\/2&#8243;][vc_column_text] 106-107. oldal [\/vc_column_text][\/vc_column_inner][\/vc_row_inner][vc_column_text] II. r\u00e9sz [\/vc_column_text][vc_row_inner][vc_column_inner width=&#8221;1\/2&#8243;][vc_column_text] 116-117. oldal [\/vc_column_text][\/vc_column_inner][vc_column_inner width=&#8221;1\/2&#8243;][vc_column_text] 127-129. oldal [\/vc_column_text][\/vc_column_inner][\/vc_row_inner][vc_column_text] III. r\u00e9sz [\/vc_column_text][vc_row_inner][vc_column_inner width=&#8221;1\/2&#8243;][vc_column_text] 174-177. oldal [\/vc_column_text][\/vc_column_inner][vc_column_inner width=&#8221;1\/2&#8243;][vc_column_text] 209-211. oldal [\/vc_column_text][\/vc_column_inner][\/vc_row_inner][vc_column_text] IV. r\u00e9sz [\/vc_column_text][vc_row_inner][vc_column_inner width=&#8221;1\/2&#8243;][vc_column_text] 245-246. oldal [\/vc_column_text][\/vc_column_inner][vc_column_inner width=&#8221;1\/2&#8243;][vc_column_text] 254-255. oldal [\/vc_column_text][\/vc_column_inner][\/vc_row_inner][vc_column_text] V. r\u00e9sz [&hellip;]<\/p>\n","protected":false},"author":1,"featured_media":0,"parent":0,"menu_order":0,"comment_status":"closed","ping_status":"closed","template":"","meta":{"footnotes":""},"class_list":["post-105","page","type-page","status-publish","hentry"],"aioseo_notices":[],"_links":{"self":[{"href":"https:\/\/szuleskonyv.hu\/index.php\/wp-json\/wp\/v2\/pages\/105","targetHints":{"allow":["GET"]}}],"collection":[{"href":"https:\/\/szuleskonyv.hu\/index.php\/wp-json\/wp\/v2\/pages"}],"about":[{"href":"https:\/\/szuleskonyv.hu\/index.php\/wp-json\/wp\/v2\/types\/page"}],"author":[{"embeddable":true,"href":"https:\/\/szuleskonyv.hu\/index.php\/wp-json\/wp\/v2\/users\/1"}],"replies":[{"embeddable":true,"href":"https:\/\/szuleskonyv.hu\/index.php\/wp-json\/wp\/v2\/comments?post=105"}],"version-history":[{"count":26,"href":"https:\/\/szuleskonyv.hu\/index.php\/wp-json\/wp\/v2\/pages\/105\/revisions"}],"predecessor-version":[{"id":695,"href":"https:\/\/szuleskonyv.hu\/index.php\/wp-json\/wp\/v2\/pages\/105\/revisions\/695"}],"wp:attachment":[{"href":"https:\/\/szuleskonyv.hu\/index.php\/wp-json\/wp\/v2\/media?parent=105"}],"curies":[{"name":"wp","href":"https:\/\/api.w.org\/{rel}","templated":true}]}}