{"id":169,"date":"2021-08-18T09:06:55","date_gmt":"2021-08-18T09:06:55","guid":{"rendered":"https:\/\/szuleskonyv.hu\/?page_id=169"},"modified":"2025-07-17T09:32:19","modified_gmt":"2025-07-17T09:32:19","slug":"hirek","status":"publish","type":"page","link":"https:\/\/szuleskonyv.hu\/index.php\/hirek\/","title":{"rendered":"Sz\u00fcl\u00e9sfelk\u00e9sz\u00edt\u0151"},"content":{"rendered":"<p>[vc_row][vc_column][vc_column_text]<\/p>\n<h1 style=\"text-align: center;\">Csoportos sz\u00fcl\u00e9sfelk\u00e9sz\u00edt\u00e9s<\/h1>\n<p>[\/vc_column_text][\/vc_column][\/vc_row][vc_row class=&#8221;felkeszito_row&#8221;][vc_column width=&#8221;1\/4&#8243;][\/vc_column][vc_column width=&#8221;1\/2&#8243;][vc_column_text]<\/p>\n<p style=\"text-align: center;\"><em><strong>K\u00e9sz\u00fclj fel, \u00e9s indulj magabiztosan \u00e9letetek <\/strong><\/em><\/p>\n<p style=\"text-align: center;\"><em><strong>egyik legfontosabb esem\u00e9nye fel\u00e9!<\/strong><\/em><\/p>\n<p>&nbsp;<\/p>\n<p style=\"text-align: center;\">Kiscsoportos, a sz\u00fcl\u00e9sre \u00e9s sz\u00fcl\u0151s\u00e9gre felk\u00e9sz\u00fcl\u00e9st<\/p>\n<p style=\"text-align: center;\">seg\u00edt\u0151 foglalkoz\u00e1sra v\u00e1rlak <strong>Budapesten<\/strong> \u2013 j\u00f6hetsz egyed\u00fcl vagy a p\u00e1roddal is.<\/p>\n<p style=\"text-align: center;\">A k\u00f6vetkez\u0151 alkalom id\u0151pontja: <em><strong>szervez\u00e9s alatt<\/strong><\/em>.<\/p>\n<p style=\"text-align: center;\">\n<p>[\/vc_column_text][\/vc_column][vc_column width=&#8221;1\/4&#8243;][vc_gallery interval=&#8221;3&#8243; images=&#8221;547&#8243; img_size=&#8221;250&#215;250&#8243;][\/vc_column][\/vc_row][vc_row class=&#8221;felkeszito_row&#8221;][vc_column css=&#8221;.vc_custom_1742326638842{margin-bottom: 20px !important;}&#8221;][vc_column_text]<strong>Miben tudlak t\u00e1mogatni?<\/strong><\/p>\n<ul>\n<li>k\u00f3rh\u00e1zakt\u00f3l f\u00fcggetlen\u00fcl, d\u00falai szeml\u00e9letben l\u00e1tlak el inform\u00e1ci\u00f3kkal (elm\u00e9leti ismeretek \u00e9s praktikus, gyakorlati tudnival\u00f3k, tippek)<\/li>\n<li>seg\u00edtek, hogy meg tudd fogalmazni, melyek a legfontosabb \u00e9rt\u00e9kek sz\u00e1modra a sz\u00fcl\u00e9s \u00e9s az azt k\u00f6vet\u0151 id\u0151szak kapcs\u00e1n (ennek alapj\u00e1n k\u00f6nnyen \u00f6ssze tudod \u00e1ll\u00edtani a sz\u00fcl\u00e9si preferencia-list\u00e1dat)<\/li>\n<li>a workshopon legfeljebb 10 f\u0151 vesz r\u00e9szt, \u00edgy mindenkire jut figyelem<\/li>\n<li>lehet\u0151s\u00e9ged lesz feltenni a k\u00e9rd\u00e9seidet \u00e9s v\u00e1laszt kapni azokra<\/li>\n<li>rem\u00e9nyeim szerint magabiztosan, a sz\u00fcl\u00e9st mozgat\u00f3 er\u0151ket \u00e9s a kisbab\u00e1k m\u0171k\u00f6d\u00e9s\u00e9t ismerve \u00e9rkezel \u00e9leted k\u00f6vetkez\u0151, izgalmas\u00a0id\u0151szak\u00e1nak kapuj\u00e1ba<\/li>\n<\/ul>\n<p>[\/vc_column_text][\/vc_column][\/vc_row][vc_row class=&#8221;felkeszito_row&#8221;][vc_column width=&#8221;3\/4&#8243;][vc_column_text]<strong>Mire sz\u00e1m\u00edthatsz?<\/strong><\/p>\n<ul>\n<li>kis l\u00e9tsz\u00e1m\u00fa csoport, szem\u00e9lyes figyelem<\/li>\n<li>gyakorlatias megk\u00f6zel\u00edt\u00e9s szil\u00e1rd elm\u00e9leti alapokkal<\/li>\n<li>aj\u00e1nd\u00e9k VBAC-k\u00f6nyv<\/li>\n<li>aj\u00e1nd\u00e9k sz\u00fcl\u00e9si terv-minta (szerkeszthet\u0151 form\u00e1ban) \u00e9s t\u00e1j\u00e9koztat\u00f3k<\/li>\n<li>kedvezm\u00e9nyes k\u00f6nyvv\u00e1s\u00e1rl\u00e1si lehet\u0151s\u00e9g (Sz\u00fcl\u00e9sk\u00f6nyv)<\/li>\n<li>kellemes, k\u00e9nyelmes\u00a0k\u00f6rnyezet (\u00fclhetsz sz\u00e9ken, fotelben, fittlabd\u00e1n, matracon, babzs\u00e1kfotelben)<\/li>\n<\/ul>\n<p>[\/vc_column_text][\/vc_column][vc_column width=&#8221;1\/4&#8243;][\/vc_column][\/vc_row][vc_row bottom_padding=&#8221;0&#8243; class=&#8221;felkeszito_row&#8221;][vc_column width=&#8221;3\/4&#8243;][vc_column_text]<strong>A foglalkoz\u00e1st tartja:<\/strong>\u00a0dr. Ecsedi Gabriella<\/p>\n<p>d\u00fala, \u00f6nk\u00e9ntes szoptat\u00e1si seg\u00edt\u0151, babahordoz\u00e1si tan\u00e1csad\u00f3, jog\u00e1sz, k\u00f6nyvszerz\u0151, 3 gyermek \u00e9desanyja (cs\u00e1sz\u00e1ros, VBAC- \u00e9s otthon sz\u00fclt anya)<\/p>\n<p>R\u00e9szletesebben itt olvashatsz r\u00f3lam:\u00a0<a href=\"https:\/\/szuleskonyv.hu\/index.php\/a-szerzorol\/\">https:\/\/szuleskonyv.hu\/index.php\/a-szerzorol\/<\/a>[\/vc_column_text][\/vc_column][vc_column width=&#8221;1\/4&#8243;][vc_gallery interval=&#8221;3&#8243; images=&#8221;527&#8243;][\/vc_column][\/vc_row][vc_row class=&#8221;felkeszito_row&#8221;][vc_column css=&#8221;.vc_custom_1742326694889{margin-bottom: 20px !important;}&#8221;][vc_column_text]<strong>Milyen t\u00e9m\u00e1kr\u00f3l lesz sz\u00f3?<\/strong><\/p>\n<ul>\n<li>\u00a0 Mi\u00e9rt is kell k\u00e9sz\u00fclni egy fiziol\u00f3gi\u00e1s folyamat lezajl\u00e1s\u00e1ra?<\/li>\n<li>\u00a0 Az any\u00e1r\u00f3l val\u00f3 gondoskod\u00e1s b\u00e1bai \u00e9s medik\u00e1lis modellje<\/li>\n<li>\u00a0 A sz\u00e1munkra fontos \u00e9rt\u00e9kek, motiv\u00e1ci\u00f3k megfogalmaz\u00e1sa<\/li>\n<li>\u00a0 A sz\u00fcl\u00e9s helysz\u00ednei (otthon, sz\u00fclet\u00e9sk\u00f6zpont, k\u00f6lcs\u00f6nlak\u00e1s, k\u00f3rh\u00e1z)<\/li>\n<li>\u00a0 A sz\u00fcl\u0151 n\u0151 k\u00eds\u00e9r\u0151i (p\u00e1rja, d\u00fal\u00e1ja, egy\u00e9b k\u00eds\u00e9r\u0151je)<\/li>\n<li>\u00a0 Mi t\u00f6rt\u00e9nik, ha el\u00e9rem a terminus napj\u00e1t?<\/li>\n<li>\u00a0 A sz\u00fcl\u00e9s el\u0151jelei, megindul\u00e1sa<\/li>\n<li>\u00a0 A sz\u00fcl\u00e9s lefoly\u00e1sa, term\u00e9szete<\/li>\n<li>\u00a0 Milyen \u00e9rz\u00e9s sz\u00fclni?<\/li>\n<li>\u00a0 Milyen hossz\u00fa a sz\u00fcl\u00e9s?<\/li>\n<li>\u00a0 A sz\u00fcl\u00e9st\u0151l val\u00f3 f\u00e9lelem megszel\u00edd\u00edt\u00e9se<\/li>\n<li>\u00a0 A sz\u00fcl\u00e9si f\u00e1jdalom \u00e9s kezel\u00e9se\u00a0<em>(vaj\u00fad\u00e1st seg\u00edt\u0151 praktik\u00e1k, testhelyzetek; term\u00e9szetes \u00e9s gy\u00f3gyszeres f\u00e1jdalomcsillap\u00edt\u00e1si lehet\u0151s\u00e9gek)<\/em><\/li>\n<li>\u00a0 Mit\u0151l lesz a sz\u00fcl\u00e9s j\u00f3 vagy rossz \u00e9lm\u00e9ny?<\/li>\n<li>\u00a0 A sz\u00fcl\u0151 n\u0151 \u00e9s a baba jogai<\/li>\n<li>\u00a0 T\u00e1j\u00e9kozott d\u00f6nt\u00e9s; \u201eaz 5 hasznos k\u00e9rd\u00e9s\u201d<\/li>\n<li>\u00a0 Sz\u00fcl\u00e9si terv, gyermek\u00e1gyas terv<\/li>\n<li>\u00a0 Arany\u00f3ra, k\u00e9sleltetett k\u00f6ld\u00f6kzsin\u00f3r-ell\u00e1t\u00e1s, rooming-in<\/li>\n<li>\u00a0 A k\u00f3rh\u00e1zban el\u0151fordul\u00f3 beavatkoz\u00e1sok\u00a0<em>(ind\u00edt\u00e1s, be\u00f6nt\u00e9s, bran\u00fcl, burokrepeszt\u00e9s, oxitocinos f\u00e1j\u00e1ser\u0151s\u00edt\u00e9s, CTG, m\u00e9hsz\u00e1jvizsg\u00e1lat, ev\u00e9s-iv\u00e1s, mozg\u00e1s korl\u00e1toz\u00e1sa, g\u00e1tmetsz\u00e9s, Kristeller-fog\u00e1s, v\u00e1kuum, fog\u00f3)<\/em><\/li>\n<li>\u00a0 Cs\u00e1sz\u00e1rmetsz\u00e9s<\/li>\n<li>\u00a0 VBAC<\/li>\n<li>\u00a0 Apak\u00e9nt hogyan seg\u00edthetem a p\u00e1rom?<\/li>\n<li>\u00a0 A gyermek\u00e1gyas id\u0151szak<\/li>\n<li>\u00a0 Szoptat\u00e1s\/t\u00e1pszeres\/vegyes t\u00e1pl\u00e1l\u00e1s<\/li>\n<li>\u00a0 A csecsem\u0151 term\u00e9szetes ig\u00e9nyei\u00a0<em>(szoptat\u00e1s, alv\u00e1s, s\u00edr\u00e1s, gondoz\u00e1s, hordoz\u00e1s)<\/em><\/li>\n<li>\u00a0 Nemcsak baba, de anya, apa \u00e9s csal\u00e1d is sz\u00fcletik!\u00a0<em>(a p\u00e1rkapcsolat v\u00e1ltoz\u00e1sai; testv\u00e9rek; nagysz\u00fcl\u0151k; seg\u00edts\u00e9g elfogad\u00e1sa, hat\u00e1rok kijel\u00f6l\u00e9se)<\/em><\/li>\n<li>\u00a0 Kihez fordulhatok k\u00e9rd\u00e9s, neh\u00e9zs\u00e9g eset\u00e9n?\u00a0<em>(hasznos linkek, telefonsz\u00e1mok)<\/em><strong><br \/>\n<\/strong><\/li>\n<\/ul>\n<p>[\/vc_column_text][\/vc_column][\/vc_row][vc_row class=&#8221;felkeszito_row&#8221;][vc_column css=&#8221;.vc_custom_1742326756953{margin-bottom: 50px !important;}&#8221;][vc_column_text]<strong>Id\u0151pont \u00e9s helysz\u00edn<\/strong><\/p>\n<ul>\n<li><em><strong>szervez\u00e9s alatt<\/strong><\/em><\/li>\n<li><strong>Bogoz\u00f3 M\u0171hely: 1141 Budapest, \u00d6rs vez\u00e9r \u00fatja 24.<\/strong>\u00a0(az \u00d6rs vez\u00e9r ter\u00e9t\u0151l p\u00e1r perc s\u00e9t\u00e1ra)<\/li>\n<\/ul>\n<ul>\n<li>\n<ul>\n<li>megk\u00f6zel\u00edthet\u0151s\u00e9g:<br \/>\n\u2013 t\u00f6megk\u00f6zleked\u00e9ssel: 1 meg\u00e1ll\u00f3 az \u00d6rs vez\u00e9r ter\u00e9r\u0151l a 62-es, 62\/A vagy 3-as villamossal (a Tiham\u00e9r utc\u00e1ig), onnan gyalog a Tiham\u00e9r utc\u00e1n, majd az els\u0151 sarokn\u00e1l balra az \u00d6rs vez\u00e9r \u00fatj\u00e1ra<br \/>\n\u2013 gyalog, ker\u00e9kp\u00e1rral: az \u00d6rs vez\u00e9rt ter\u00e9n a metr\u00f3b\u00f3l a Sug\u00e1rn\u00e1l j\u00f6v\u00fcnk fel, a villamoss\u00ednekkel p\u00e1rhuzamosan haladunk a Nagy Lajos kir\u00e1ly \u00fati nagy keresztez\u0151d\u00e9sfel\u00e9, \u00e1tkel\u00fcnk a keresztez\u0151d\u00e9sen; a Metropolitan Egyetem jobb oldal\u00e1ban kezd\u0151dik az \u00d6rs vez\u00e9r \u00fatja<br \/>\n\u2013 aut\u00f3val: a Nagy Lajos kir\u00e1ly \u00fatja vagy a F\u00fcredi \u00fat fel\u0151l<\/li>\n<li>a parkol\u00e1s h\u00e9tv\u00e9g\u00e9n ingyenes; parkol\u00e1si lehet\u0151s\u00e9g: a h\u00e1z el\u0151tt \u00e9s az utc\u00e1ban<\/li>\n<li>\u00e9tkez\u00e9s:<br \/>\n\u2013 ha hozol eb\u00e9det, meg tudod meleg\u00edteni<br \/>\n\u2013 tea, k\u00e1v\u00e9, \u00e1sv\u00e1nyv\u00edz lesz a helysz\u00ednen<br \/>\n\u2013 \u00e9telv\u00e1s\u00e1rl\u00e1si lehet\u0151s\u00e9gek a k\u00f6zelben: k\u00ednai bolt, IKEA, Sug\u00e1r, Lajos Kir\u00e1ly \u00c9tterem (Nagy L. kir. \u00fatja 18.)<\/li>\n<li>50 perces eb\u00e9dsz\u00fcnettel, plusz kisebb sz\u00fcnetekkel<\/li>\n<\/ul>\n<\/li>\n<\/ul>\n<p><strong>\u00a0<\/strong><strong>\u00c1r<\/strong><\/p>\n<ul>\n<li><strong>30 000 Ft\/f\u0151<\/strong>\u00a0\u2013 hozd el a p\u00e1rodat is, az \u0151 r\u00e9szv\u00e9tele ingyenes!<\/li>\n<\/ul>\n<p>&nbsp;<\/p>\n<p><strong>A foglalkoz\u00e1s legal\u00e1bb 5, legfeljebb 10 f\u0151 r\u00e9szv\u00e9tel\u00e9vel indul.<\/strong><\/p>\n<p><strong>Jelentkez\u00e9sedet\u00a0<\/strong>a\u00a0<a href=\"mailto:szuleskonyv@gmail.com\">szuleskonyv@gmail.com<\/a>\u00a0e-mailc\u00edmen vagy a 0620\/3216788-as telefonsz\u00e1mon v\u00e1rom. K\u00e9rd\u00e9s eset\u00e9n is itt \u00e9rsz el.<\/p>\n<p><strong>Lemond\u00e1si<\/strong> felt\u00e9telek: a befizetett d\u00edjat a foglalkoz\u00e1st megel\u0151z\u0151 3. nap \u00e9jf\u00e9lig t\u00f6rt\u00e9n\u0151 lemond\u00e1s eset\u00e9n tudom visszafizetni (b\u00e9relt helyis\u00e9gben dolgozok), k\u00f6sz\u00f6n\u00f6m a meg\u00e9rt\u00e9sedet. Vis maior eset\u00e9n besz\u00e9lj\u00fcnk![\/vc_column_text][\/vc_column][\/vc_row][vc_row][vc_column width=&#8221;1\/4&#8243;][\/vc_column][vc_column width=&#8221;1\/2&#8243;][vc_gallery interval=&#8221;3&#8243; images=&#8221;525&#8243; img_size=&#8221;530&#215;178&#8243;][\/vc_column][vc_column width=&#8221;1\/4&#8243;][\/vc_column][\/vc_row][vc_row][vc_column][vc_column_text][[\/vc_column_text][\/vc_column][\/vc_row]<\/p>\n","protected":false},"excerpt":{"rendered":"<p>[vc_row][vc_column][vc_column_text] Csoportos sz\u00fcl\u00e9sfelk\u00e9sz\u00edt\u00e9s [\/vc_column_text][\/vc_column][\/vc_row][vc_row class=&#8221;felkeszito_row&#8221;][vc_column width=&#8221;1\/4&#8243;][\/vc_column][vc_column width=&#8221;1\/2&#8243;][vc_column_text] K\u00e9sz\u00fclj fel, \u00e9s indulj magabiztosan \u00e9letetek egyik legfontosabb esem\u00e9nye fel\u00e9! &nbsp; Kiscsoportos, a sz\u00fcl\u00e9sre \u00e9s sz\u00fcl\u0151s\u00e9gre felk\u00e9sz\u00fcl\u00e9st seg\u00edt\u0151 foglalkoz\u00e1sra v\u00e1rlak Budapesten \u2013 j\u00f6hetsz egyed\u00fcl vagy a p\u00e1roddal is. A k\u00f6vetkez\u0151 alkalom id\u0151pontja: szervez\u00e9s alatt. [\/vc_column_text][\/vc_column][vc_column width=&#8221;1\/4&#8243;][vc_gallery interval=&#8221;3&#8243; images=&#8221;547&#8243; img_size=&#8221;250&#215;250&#8243;][\/vc_column][\/vc_row][vc_row class=&#8221;felkeszito_row&#8221;][vc_column css=&#8221;.vc_custom_1742326638842{margin-bottom: 20px !important;}&#8221;][vc_column_text]Miben tudlak t\u00e1mogatni? k\u00f3rh\u00e1zakt\u00f3l f\u00fcggetlen\u00fcl, d\u00falai [&hellip;]<\/p>\n","protected":false},"author":1,"featured_media":0,"parent":0,"menu_order":0,"comment_status":"closed","ping_status":"closed","template":"","meta":{"footnotes":""},"class_list":["post-169","page","type-page","status-publish","hentry"],"aioseo_notices":[],"_links":{"self":[{"href":"https:\/\/szuleskonyv.hu\/index.php\/wp-json\/wp\/v2\/pages\/169","targetHints":{"allow":["GET"]}}],"collection":[{"href":"https:\/\/szuleskonyv.hu\/index.php\/wp-json\/wp\/v2\/pages"}],"about":[{"href":"https:\/\/szuleskonyv.hu\/index.php\/wp-json\/wp\/v2\/types\/page"}],"author":[{"embeddable":true,"href":"https:\/\/szuleskonyv.hu\/index.php\/wp-json\/wp\/v2\/users\/1"}],"replies":[{"embeddable":true,"href":"https:\/\/szuleskonyv.hu\/index.php\/wp-json\/wp\/v2\/comments?post=169"}],"version-history":[{"count":35,"href":"https:\/\/szuleskonyv.hu\/index.php\/wp-json\/wp\/v2\/pages\/169\/revisions"}],"predecessor-version":[{"id":615,"href":"https:\/\/szuleskonyv.hu\/index.php\/wp-json\/wp\/v2\/pages\/169\/revisions\/615"}],"wp:attachment":[{"href":"https:\/\/szuleskonyv.hu\/index.php\/wp-json\/wp\/v2\/media?parent=169"}],"curies":[{"name":"wp","href":"https:\/\/api.w.org\/{rel}","templated":true}]}}