{"id":179,"date":"2021-08-30T12:50:02","date_gmt":"2021-08-30T12:50:02","guid":{"rendered":"https:\/\/szuleskonyv.hu\/?page_id=179"},"modified":"2025-10-26T13:33:16","modified_gmt":"2025-10-26T13:33:16","slug":"olvasoi-visszajelzesek","status":"publish","type":"page","link":"https:\/\/szuleskonyv.hu\/index.php\/olvasoi-visszajelzesek\/","title":{"rendered":"Olvas\u00f3i visszajelz\u00e9sek"},"content":{"rendered":"<p>[vc_row][vc_column][vc_column_text]<img loading=\"lazy\" decoding=\"async\" class=\"wp-image-232 size-medium alignleft\" src=\"https:\/\/szuleskonyv.hu\/wp-content\/uploads\/2021\/09\/IMG_20210814_1721481-225x300.jpg\" alt=\"\" width=\"225\" height=\"300\" srcset=\"https:\/\/szuleskonyv.hu\/wp-content\/uploads\/2021\/09\/IMG_20210814_1721481-225x300.jpg 225w, https:\/\/szuleskonyv.hu\/wp-content\/uploads\/2021\/09\/IMG_20210814_1721481-768x1024.jpg 768w, https:\/\/szuleskonyv.hu\/wp-content\/uploads\/2021\/09\/IMG_20210814_1721481-1152x1536.jpg 1152w, https:\/\/szuleskonyv.hu\/wp-content\/uploads\/2021\/09\/IMG_20210814_1721481-1536x2048.jpg 1536w, https:\/\/szuleskonyv.hu\/wp-content\/uploads\/2021\/09\/IMG_20210814_1721481-scaled.jpg 1920w\" sizes=\"auto, (max-width: 225px) 100vw, 225px\" \/><\/p>\n<h1 style=\"text-align: center;\">Olvas\u00f3i visszajelz\u00e9sek<\/h1>\n<p>&nbsp;<\/p>\n<p style=\"text-align: center;\">Tetszett a k\u00f6nyv?<br \/>\nMit jelentett sz\u00e1modra?<\/p>\n<p style=\"text-align: center;\">V\u00e1rom v\u00e9lem\u00e9nyedet a <a href=\"mailto:szuleskonyv@gmail.com\">szuleskonyv@gmail.com<\/a> e-mailc\u00edmre.<\/p>\n<p>&nbsp;<\/p>\n<p><em>\u00a0 \u00a0 \u00a0\u201eA k\u00f6nyv nagyon tetszett, igaz\u00e1n hasznos olvasm\u00e1ny volt \u00e9desanyak\u00e9nt \u00e9s d\u00falak\u00e9nt is.\u201d \/<\/em>N\u00f3ra\/<\/p>\n<div>\n<p style=\"text-align: right;\"><em>\u00a0<\/em><em>\u201eT\u00e9nyleg hi\u00e1nyp\u00f3tl\u00f3. Minden sz\u00fcl\u00e9sre k\u00e9sz\u00fcl\u0151nek csak aj\u00e1nlani tudom, kor\u00e1bbi sz\u00fcl\u00e9si tapasztalat\u00e1t\u00f3l f\u00fcggetlen\u00fcl.\u201d \/<\/em>Merc\u00e9desz\/<\/p>\n<p><em>\u201eNekem nagyon sokat adott (m\u00e1sodik v\u00e1rand\u00f3ss\u00e1g)! Sajn\u00e1lom, hogy az els\u0151n\u00e9l nem volt szerencs\u00e9m elolvasni. Az inform\u00e1ci\u00f3 hatalom, nem elrettent\u0151 t\u00e9nyez\u0151. Mindenkinek csak aj\u00e1nlani tudom!\u201d<\/em> \/Anita\/<\/p>\n<p><em>\u201eSzeretn\u00e9m megk\u00f6sz\u00f6nni a k\u00f6nyvet, mert l\u00e1tszik, hogy mennyire hihetetlen\u00fcl alapos munk\u00e1t v\u00e9gezt\u00e9l, \u00e9s mennyire ut\u00e1naj\u00e1rt\u00e1l mindezeknek a dolgoknak. \u00c9s nagyon \u00e1tj\u00f6n az is, hogy mi a c\u00e9lod ezzel a k\u00f6nyvvel: hogy seg\u00edtsd a kismam\u00e1kat, anyuk\u00e1kat \u00e9s kicsit egy misszi\u00f3s hangulat is \u00e1tj\u00f6tt nekem, hogy szeretn\u00e9l v\u00e1ltoz\u00e1st hozni a vil\u00e1gba ebben a t\u00e9m\u00e1ban. <\/em><em>Nagyon tetszett a k\u00f6nyv \u201etank\u00f6nyv\u201d jellege, az, hogy \u00fagy \u00e9reztem, minden inf\u00f3 \u00f6ssze van foglalva \u00e1ltalad, aki j\u00e1rtas ebben, \u00e9s nem kell a v\u00e1laszokat bizonytalan forr\u00e1sokb\u00f3l kigoogliznom. <\/em><em>N\u00f6velte a tud\u00e1somat, teh\u00e1t nem fogok bamb\u00e1n \u00e1llni a k\u00f3rh\u00e1zban, ha k\u00e9rdeznek valamit, \u00e9s csak az\u00e9rt mondani igent, mert azt sem tudom, mir\u0151l van sz\u00f3. Teh\u00e1t ad egyfajta \u00f6nbizalmat.\u201d<\/em> \/Eszter\/<\/p>\n<\/div>\n<div><\/div>\n<p>&nbsp;<\/p>\n<h1 style=\"text-align: center;\">M\u00e9diamegjelen\u00e9sek<\/h1>\n<p>&nbsp;<\/p>\n<p class=\"western\"><strong>Apak\u00f6nyv a wmn.hu-n: K\u0151rizs Kata k\u00f6nyvaj\u00e1nl\u00f3ja<\/strong><\/p>\n<p><a href=\"https:\/\/wmn.hu\/wmn-life\/65780-apa-helye-szules-szuloszoba\">https:\/\/wmn.hu\/wmn-life\/65780-apa-helye-szules-szuloszoba<\/a><\/p>\n<p>&nbsp;<\/p>\n<p class=\"western\"><strong>A Sz\u00fcl\u00e9sk\u00f6nyv 2021. szeptember 8-i k\u00f6nyvbemutat\u00f3j\u00e1r\u00f3l k\u00e9sz\u00fclt vide\u00f3felv\u00e9tel itt tekinthet\u0151 meg:<\/strong><\/p>\n<p class=\"western\"><span style=\"font-family: Cambria, serif;\"><span style=\"font-size: small;\"><a href=\"https:\/\/www.facebook.com\/100067189703367\/videos\/150609510587949\"><span style=\"font-family: Sitka Banner;\"><span style=\"font-size: large;\">https:\/\/www.facebook.com\/100067189703367\/videos\/150609510587949<\/span><\/span><\/a><\/span><\/span><\/p>\n<p>&nbsp;<\/p>\n<p class=\"western\"><strong>L\u00e9n\u00e1rd Orsi d\u00fala, sz\u00fcl\u0151-csecsem\u0151 konzulens k\u00f6nyvaj\u00e1nl\u00f3ja, \u00e9s interj\u00faja:<\/strong><\/p>\n<p class=\"western\"><a href=\"https:\/\/www.instagram.com\/p\/CWLybA_oYq8\/?fbclid=IwAR3OpFvLB9tjHxe_5OeYKG8_kNWj7lffT_gsiL5VbRFBb4_0QafTNTsGFV4\" target=\"_blank\" rel=\"noopener\"><span style=\"font-family: Sitka Banner;\"><span style=\"font-size: large;\">https:\/\/www.instagram.com\/p\/CWLybA_oYq8\/<\/span><\/span><\/a><\/p>\n<blockquote class=\"wp-embedded-content\" data-secret=\"l0VMBqVzBJ\"><p><a href=\"https:\/\/lenardorsi.hu\/szules-csaszarmetszes-vbac-konyv-elmelet-es-gyakorlat\/\">Sz\u00fcl\u00e9s, cs\u00e1sz\u00e1rmetsz\u00e9s, VBAC k\u00f6nyv &#8211; elm\u00e9let \u00e9s gyakorlat<\/a><\/p><\/blockquote>\n<p><iframe loading=\"lazy\" class=\"wp-embedded-content\" sandbox=\"allow-scripts\" security=\"restricted\" style=\"position: absolute; clip: rect(1px, 1px, 1px, 1px);\" title=\"&#8220;Sz\u00fcl\u00e9s, cs\u00e1sz\u00e1rmetsz\u00e9s, VBAC k\u00f6nyv &#8211; elm\u00e9let \u00e9s gyakorlat&#8221; &#8212; L\u00e9n\u00e1rd Orsi \" src=\"https:\/\/lenardorsi.hu\/szules-csaszarmetszes-vbac-konyv-elmelet-es-gyakorlat\/embed\/#?secret=2Hug2Uqkrj#?secret=l0VMBqVzBJ\" data-secret=\"l0VMBqVzBJ\" width=\"600\" height=\"338\" frameborder=\"0\" marginwidth=\"0\" marginheight=\"0\" scrolling=\"no\"><\/iframe><\/p>\n<p class=\"western\"><strong>Szab\u00f3 Anna Eszter aj\u00e1nl\u00f3ja a wmn.hu-n:<\/strong><\/p>\n<p class=\"western\"><a href=\"https:\/\/wmn.hu\/wmn-egszsg\/56063-ha-csak-egy-konyvet-olvasol-el-a-szulesrol-ez-legyen-az--szabo-anna-eszter-ajanlja\"><span style=\"font-family: Sitka Banner;\"><span style=\"font-size: large;\">https:\/\/wmn.hu\/wmn-egszsg\/56063-ha-csak-egy-konyvet-olvasol-el-a-szulesrol-ez-legyen-az&#8211;szabo-anna-eszter-ajanlja<\/span><\/span><\/a><\/p>\n<p>&nbsp;<\/p>\n<p class=\"western\"><strong>Ismertet\u0151 a k\u00f6nyvr\u0151l a babaszoba.hu-n:<\/strong><\/p>\n<p class=\"western\"><a href=\"https:\/\/www.babaszoba.hu\/articles\/terhesseg\/Szules_csaszarmetszes_VBAC_uj_konyv_jelent_meg_a_szulesrol?aid=20211019113236\"><span style=\"font-family: Sitka Banner;\"><span style=\"font-size: large;\">https:\/\/www.babaszoba.hu\/articles\/terhesseg\/Szules_csaszarmetszes_VBAC_uj_konyv_jelent_meg_a_szulesrol?aid=20211019113236<\/span><\/span><\/a><\/p>\n<p>&nbsp;<\/p>\n<p class=\"western\"><strong><span style=\"font-family: Sitka Banner;\"><span style=\"font-size: large;\">Semj\u00e9n N\u00f3r\u00e1val (<\/span><\/span><span style=\"font-family: Sitka Banner;\"><span style=\"font-size: large;\">az A<\/span><\/span><span style=\"font-family: Sitka Banner;\"><span style=\"font-size: large;\">nyakivan blog <\/span><\/span><span style=\"font-family: Sitka Banner;\"><span style=\"font-size: large;\">szerz\u0151j\u00e9vel<\/span><\/span><\/strong><span style=\"font-family: Sitka Banner;\"><span style=\"font-size: large;\"><strong>) besz\u00e9lgett\u00fcnk<\/strong> sz\u00fcl\u00e9sr\u0151l, cs\u00e1sz\u00e1rmetsz\u00e9sr\u0151l, a felk\u00e9sz\u00fcl\u00e9s szerep\u00e9r\u0151l, az any\u00e1k lehet\u0151s\u00e9geir\u0151l. <\/span><\/span><span style=\"font-family: Sitka Banner;\"><span style=\"font-size: large;\">A besz\u00e9lget\u00e9s m<\/span><\/span><span style=\"font-family: Sitka Banner;\"><span style=\"font-size: large;\">eghallgathat<\/span><\/span><span style=\"font-family: Sitka Banner;\"><span style=\"font-size: large;\">\u00f3<\/span><\/span><span style=\"font-family: Sitka Banner;\"><span style=\"font-size: large;\"> a Babaszoba honlap Anyapercek c\u00edm\u0171 podcastjai k\u00f6z\u00f6tt (a cikk alatt lehet elind\u00edtani; 2021. november):\u00a0 <a href=\"https:\/\/www.babaszoba.hu\/articles\/terhesseg\/Miert_kell_szinte_minden_eshetosegre_felkeszulni_amikor_szulni_keszulunk?aid=20211124104042\">https:\/\/www.babaszoba.hu\/articles\/terhesseg\/Miert_kell_szinte_minden_eshetosegre_felkeszulni_amikor_szulni_keszulunk?aid=20211124104042<\/a><\/span><\/span><\/p>\n<p>&nbsp;<\/p>\n<p><strong>Egy \u00fajabb nagyon j\u00f3 besz\u00e9lget\u00e9s Semj\u00e9n N\u00f3r\u00e1val, ez\u00fattal a VBAC-r\u0151l<\/strong> (2022. szeptember):<\/p>\n<p>1. r\u00e9sz:<\/p>\n<p>https:\/\/www.facebook.com\/anyakivan\/videos\/2345757075599887<\/p>\n<p>2. r\u00e9sz:<\/p>\n<blockquote class=\"wp-embedded-content\" data-secret=\"auAW6B8PNz\"><p><a href=\"https:\/\/www.noklapja.hu\/aktualis\/2022\/09\/02\/termeszetes-szules-csaszarmetszes-utan-beszelgetes-dr-ecsedi-gabriellaval-video\/\">Term\u00e9szetes sz\u00fcl\u00e9s cs\u00e1sz\u00e1rmetsz\u00e9s ut\u00e1n \u2013 besz\u00e9lget\u00e9s dr. Ecsedi Gabriell\u00e1val \u2013 VIDE\u00d3<\/a><\/p><\/blockquote>\n<p><iframe loading=\"lazy\" class=\"wp-embedded-content\" sandbox=\"allow-scripts\" security=\"restricted\" style=\"position: absolute; clip: rect(1px, 1px, 1px, 1px);\" title=\"&#8220;Term\u00e9szetes sz\u00fcl\u00e9s cs\u00e1sz\u00e1rmetsz\u00e9s ut\u00e1n \u2013 besz\u00e9lget\u00e9s dr. Ecsedi Gabriell\u00e1val \u2013 VIDE\u00d3&#8221; &#8212; N\u0151k Lapja\" src=\"https:\/\/www.noklapja.hu\/aktualis\/2022\/09\/02\/termeszetes-szules-csaszarmetszes-utan-beszelgetes-dr-ecsedi-gabriellaval-video\/embed\/#?secret=auAW6B8PNz\" data-secret=\"auAW6B8PNz\" width=\"600\" height=\"338\" frameborder=\"0\" marginwidth=\"0\" marginheight=\"0\" scrolling=\"no\"><\/iframe><\/p>\n<p>&nbsp;<\/p>\n<p class=\"western\"><strong>Az \u00c9va Magazin k\u00f6nyvaj\u00e1nl\u00f3ja:<\/strong><\/p>\n<p class=\"western\"><a href=\"https:\/\/www.evamagazin.hu\/minden-amit-a-szulesrol-tudni-szeretnek-konyvajanlo-143959?fbclid=IwAR1xXBUc59Qz-zsKwGLiHT-hKghhsLENsqqm36ZCmqWMANaN5SAdDnpqccY\">https:\/\/www.evamagazin.hu\/minden-amit-a-szulesrol-tudni-szeretnek-konyvajanlo-143959?fbclid=IwAR1xXBUc59Qz-zsKwGLiHT-hKghhsLENsqqm36ZCmqWMANaN5SAdDnpqccY<\/a><\/p>\n<p>&nbsp;<\/p>\n<p><strong>A Meglepet\u00e9s Magazinban:<\/strong><\/p>\n<p><img loading=\"lazy\" decoding=\"async\" class=\"alignnone size-medium wp-image-301\" src=\"https:\/\/szuleskonyv.hu\/wp-content\/uploads\/2022\/02\/meglepetes_1-225x300.jpg\" alt=\"\" width=\"225\" height=\"300\" srcset=\"https:\/\/szuleskonyv.hu\/wp-content\/uploads\/2022\/02\/meglepetes_1-225x300.jpg 225w, https:\/\/szuleskonyv.hu\/wp-content\/uploads\/2022\/02\/meglepetes_1-768x1024.jpg 768w, https:\/\/szuleskonyv.hu\/wp-content\/uploads\/2022\/02\/meglepetes_1-1152x1536.jpg 1152w, https:\/\/szuleskonyv.hu\/wp-content\/uploads\/2022\/02\/meglepetes_1-1536x2048.jpg 1536w, https:\/\/szuleskonyv.hu\/wp-content\/uploads\/2022\/02\/meglepetes_1-scaled.jpg 1920w\" sizes=\"auto, (max-width: 225px) 100vw, 225px\" \/><img loading=\"lazy\" decoding=\"async\" class=\"alignnone size-medium wp-image-302\" src=\"https:\/\/szuleskonyv.hu\/wp-content\/uploads\/2022\/02\/meglepetes_2-225x300.jpg\" alt=\"\" width=\"225\" height=\"300\" srcset=\"https:\/\/szuleskonyv.hu\/wp-content\/uploads\/2022\/02\/meglepetes_2-225x300.jpg 225w, https:\/\/szuleskonyv.hu\/wp-content\/uploads\/2022\/02\/meglepetes_2-768x1024.jpg 768w, https:\/\/szuleskonyv.hu\/wp-content\/uploads\/2022\/02\/meglepetes_2-1152x1536.jpg 1152w, https:\/\/szuleskonyv.hu\/wp-content\/uploads\/2022\/02\/meglepetes_2-1536x2048.jpg 1536w, https:\/\/szuleskonyv.hu\/wp-content\/uploads\/2022\/02\/meglepetes_2-scaled.jpg 1920w\" sizes=\"auto, (max-width: 225px) 100vw, 225px\" \/><\/p>\n<p>&nbsp;<\/p>\n<p><strong>A N\u0151k Lapja Eg\u00e9szs\u00e9g magazinj\u00e1ban:<br \/>\n<\/strong><\/p>\n<p><img loading=\"lazy\" decoding=\"async\" class=\"alignnone size-medium wp-image-303\" src=\"https:\/\/szuleskonyv.hu\/wp-content\/uploads\/2022\/02\/nok_lapja_eg_2021dec-300x225.jpg\" alt=\"\" width=\"300\" height=\"225\" srcset=\"https:\/\/szuleskonyv.hu\/wp-content\/uploads\/2022\/02\/nok_lapja_eg_2021dec-300x225.jpg 300w, https:\/\/szuleskonyv.hu\/wp-content\/uploads\/2022\/02\/nok_lapja_eg_2021dec-1024x768.jpg 1024w, https:\/\/szuleskonyv.hu\/wp-content\/uploads\/2022\/02\/nok_lapja_eg_2021dec-1536x1152.jpg 1536w, https:\/\/szuleskonyv.hu\/wp-content\/uploads\/2022\/02\/nok_lapja_eg_2021dec-2048x1536.jpg 2048w, https:\/\/szuleskonyv.hu\/wp-content\/uploads\/2022\/02\/nok_lapja_eg_2021dec-627x470.jpg 627w\" sizes=\"auto, (max-width: 300px) 100vw, 300px\" \/>[\/vc_column_text][\/vc_column][\/vc_row]<\/p>\n","protected":false},"excerpt":{"rendered":"<p>[vc_row][vc_column][vc_column_text] Olvas\u00f3i visszajelz\u00e9sek &nbsp; Tetszett a k\u00f6nyv? Mit jelentett sz\u00e1modra? V\u00e1rom v\u00e9lem\u00e9nyedet a szuleskonyv@gmail.com e-mailc\u00edmre. &nbsp; \u00a0 \u00a0 \u00a0\u201eA k\u00f6nyv nagyon tetszett, igaz\u00e1n hasznos olvasm\u00e1ny volt \u00e9desanyak\u00e9nt \u00e9s d\u00falak\u00e9nt is.\u201d \/N\u00f3ra\/ \u00a0\u201eT\u00e9nyleg hi\u00e1nyp\u00f3tl\u00f3. Minden sz\u00fcl\u00e9sre k\u00e9sz\u00fcl\u0151nek csak aj\u00e1nlani tudom, kor\u00e1bbi sz\u00fcl\u00e9si tapasztalat\u00e1t\u00f3l f\u00fcggetlen\u00fcl.\u201d \/Merc\u00e9desz\/ \u201eNekem nagyon sokat adott (m\u00e1sodik v\u00e1rand\u00f3ss\u00e1g)! Sajn\u00e1lom, hogy az els\u0151n\u00e9l nem [&hellip;]<\/p>\n","protected":false},"author":1,"featured_media":0,"parent":0,"menu_order":0,"comment_status":"closed","ping_status":"closed","template":"","meta":{"footnotes":""},"class_list":["post-179","page","type-page","status-publish","hentry"],"aioseo_notices":[],"_links":{"self":[{"href":"https:\/\/szuleskonyv.hu\/index.php\/wp-json\/wp\/v2\/pages\/179","targetHints":{"allow":["GET"]}}],"collection":[{"href":"https:\/\/szuleskonyv.hu\/index.php\/wp-json\/wp\/v2\/pages"}],"about":[{"href":"https:\/\/szuleskonyv.hu\/index.php\/wp-json\/wp\/v2\/types\/page"}],"author":[{"embeddable":true,"href":"https:\/\/szuleskonyv.hu\/index.php\/wp-json\/wp\/v2\/users\/1"}],"replies":[{"embeddable":true,"href":"https:\/\/szuleskonyv.hu\/index.php\/wp-json\/wp\/v2\/comments?post=179"}],"version-history":[{"count":24,"href":"https:\/\/szuleskonyv.hu\/index.php\/wp-json\/wp\/v2\/pages\/179\/revisions"}],"predecessor-version":[{"id":673,"href":"https:\/\/szuleskonyv.hu\/index.php\/wp-json\/wp\/v2\/pages\/179\/revisions\/673"}],"wp:attachment":[{"href":"https:\/\/szuleskonyv.hu\/index.php\/wp-json\/wp\/v2\/media?parent=179"}],"curies":[{"name":"wp","href":"https:\/\/api.w.org\/{rel}","templated":true}]}}