{"id":406,"date":"2023-04-17T13:21:02","date_gmt":"2023-04-17T13:21:02","guid":{"rendered":"https:\/\/szuleskonyv.hu\/?page_id=406"},"modified":"2025-07-21T13:02:18","modified_gmt":"2025-07-21T13:02:18","slug":"konyvekrol_2","status":"publish","type":"page","link":"https:\/\/szuleskonyv.hu\/","title":{"rendered":"A k\u00f6nyvekr\u0151l"},"content":{"rendered":"<p>[vc_row][vc_column][vc_column_text]<\/p>\n<h1 style=\"text-align: center;\">Ismerd meg a k\u00f6nyveimet!<\/h1>\n<p>[\/vc_column_text][\/vc_column][\/vc_row][vc_row][vc_column width=&#8221;1\/2&#8243;][vc_column_text]<\/p>\n<h2 style=\"font-size: 30px; text-align: center;\">Sz\u00fcl\u00e9sk\u00f6nyv<\/h2>\n<p>[\/vc_column_text][vc_column_text]<img loading=\"lazy\" decoding=\"async\" class=\"size-medium wp-image-239 alignleft\" src=\"https:\/\/szuleskonyv.hu\/wp-content\/uploads\/2021\/09\/szuleskonyv_released-1-262x300.png\" alt=\"\" width=\"262\" height=\"300\" srcset=\"https:\/\/szuleskonyv.hu\/wp-content\/uploads\/2021\/09\/szuleskonyv_released-1-262x300.png 262w, https:\/\/szuleskonyv.hu\/wp-content\/uploads\/2021\/09\/szuleskonyv_released-1.png 879w\" sizes=\"auto, (max-width: 262px) 100vw, 262px\" \/>A\u00a0<em>Sz\u00fcl\u00e9s, cs\u00e1sz\u00e1rmetsz\u00e9s, VBAC \u2013 Elm\u00e9leti \u00e9s gyakorlati tudnival\u00f3k h\u00fcvelyi sz\u00fcl\u00e9sre \u00e9s cs\u00e1sz\u00e1rmetsz\u00e9sre k\u00e9sz\u00fcl\u0151 n\u0151knek <\/em>c\u00edm\u0171 k\u00f6nyv t\u00f6bb mint hagyom\u00e1nyos sz\u00fcl\u00e9sfelk\u00e9sz\u00edt\u0151 k\u00f6nyv: szokatlanul sz\u00e9lesk\u00f6r\u0171 elm\u00e9leti \u00e1ttekint\u00e9st \u00e9s a gyakorlatban is haszn\u00e1lhat\u00f3 ismereteket k\u00edn\u00e1l mind sz\u00fcl\u00e9sre k\u00e9sz\u00fcl\u0151, mind cs\u00e1sz\u00e1rmetsz\u00e9s el\u0151tt \u00e1ll\u00f3 n\u0151knek, ak\u00e1r els\u0151, ak\u00e1r t\u00f6bbedik v\u00e1rand\u00f3ss\u00e1g eset\u00e9n.[\/vc_column_text][vc_btn title=&#8221;B\u0151vebben&#8221; link=&#8221;url:https%3A%2F%2Fszuleskonyv.hu%2Findex.php%2Fszuleskonyv%2F|title:Sz%C3%BCl%C3%A9sk%C3%B6nyv&#8221;][\/vc_column][vc_column width=&#8221;1\/2&#8243;][vc_column_text]<\/p>\n<h2 style=\"font-size: 30px; text-align: center;\">VBAC-k\u00f6nyv<\/h2>\n<p>[\/vc_column_text][vc_column_text]<img loading=\"lazy\" decoding=\"async\" class=\"wp-image-349 size-medium alignleft\" src=\"https:\/\/szuleskonyv.hu\/wp-content\/uploads\/2022\/09\/konyv_cimlap_ryde-247x300.png\" alt=\"\" width=\"247\" height=\"300\" srcset=\"https:\/\/szuleskonyv.hu\/wp-content\/uploads\/2022\/09\/konyv_cimlap_ryde-247x300.png 247w, https:\/\/szuleskonyv.hu\/wp-content\/uploads\/2022\/09\/konyv_cimlap_ryde.png 659w\" sizes=\"auto, (max-width: 247px) 100vw, 247px\" \/>M\u00e1sodik k\u00f6nyvem, a\u00a0<em>VBAC \u2013 Minden, amit tudnod kell a cs\u00e1sz\u00e1rmetsz\u00e9s ut\u00e1ni h\u00fcvelyi sz\u00fcl\u00e9sr\u0151l<\/em>\u00a0c\u00edm\u0171 k\u00f6tet kifejezetten VBAC-re k\u00e9sz\u00fcl\u0151 any\u00e1knak \u00e9s p\u00e1rjaiknak, valamint szakembereknek \u00e9s a k\u00e9rd\u00e9s ir\u00e1nt \u00e9rdekl\u0151d\u0151knek sz\u00f3l.[\/vc_column_text][vc_btn title=&#8221;B\u0151vebben&#8221; link=&#8221;url:https%3A%2F%2Fszuleskonyv.hu%2Findex.php%2Fvbac-konyv%2F|title:vbac&#8221;][\/vc_column][\/vc_row][vc_row][vc_column][vc_column_text]<\/p>\n<p style=\"text-align: center;\">A k\u00f6nyvvel kapcsolatos legfrissebb h\u00edrek\u00e9rt keresd fel Facebook \u00e9s Instagram oldalainkat:<\/p>\n<p style=\"font-weight: 400; text-align: center;\"><a href=\"https:\/\/www.facebook.com\/profile.php?id=100067189703367\">A Sz\u00fcl\u00e9sk\u00f6nyv Facebook-oldala<\/a><\/p>\n<p style=\"text-align: center;\"><a href=\"https:\/\/www.facebook.com\/vbackonyv\">A VBAC-k\u00f6nyv Facebook-oldala<\/a><\/p>\n<p style=\"text-align: center;\"><a href=\"https:\/\/www.instagram.com\/szuleskonyv\/\">Instagram<\/a><\/p>\n<p>[\/vc_column_text][\/vc_column][\/vc_row]<\/p>\n","protected":false},"excerpt":{"rendered":"<p>[vc_row][vc_column][vc_column_text] Ismerd meg a k\u00f6nyveimet! [\/vc_column_text][\/vc_column][\/vc_row][vc_row][vc_column width=&#8221;1\/2&#8243;][vc_column_text] Sz\u00fcl\u00e9sk\u00f6nyv [\/vc_column_text][vc_column_text]A\u00a0Sz\u00fcl\u00e9s, cs\u00e1sz\u00e1rmetsz\u00e9s, VBAC \u2013 Elm\u00e9leti \u00e9s gyakorlati tudnival\u00f3k h\u00fcvelyi sz\u00fcl\u00e9sre \u00e9s cs\u00e1sz\u00e1rmetsz\u00e9sre k\u00e9sz\u00fcl\u0151 n\u0151knek c\u00edm\u0171 k\u00f6nyv t\u00f6bb mint hagyom\u00e1nyos sz\u00fcl\u00e9sfelk\u00e9sz\u00edt\u0151 k\u00f6nyv: szokatlanul sz\u00e9lesk\u00f6r\u0171 elm\u00e9leti \u00e1ttekint\u00e9st \u00e9s a gyakorlatban is haszn\u00e1lhat\u00f3 ismereteket k\u00edn\u00e1l mind sz\u00fcl\u00e9sre k\u00e9sz\u00fcl\u0151, mind cs\u00e1sz\u00e1rmetsz\u00e9s el\u0151tt \u00e1ll\u00f3 n\u0151knek, ak\u00e1r els\u0151, ak\u00e1r t\u00f6bbedik v\u00e1rand\u00f3ss\u00e1g eset\u00e9n.[\/vc_column_text][vc_btn title=&#8221;B\u0151vebben&#8221; [&hellip;]<\/p>\n","protected":false},"author":3,"featured_media":0,"parent":0,"menu_order":0,"comment_status":"closed","ping_status":"closed","template":"","meta":{"footnotes":""},"class_list":["post-406","page","type-page","status-publish","hentry"],"aioseo_notices":[],"_links":{"self":[{"href":"https:\/\/szuleskonyv.hu\/index.php\/wp-json\/wp\/v2\/pages\/406","targetHints":{"allow":["GET"]}}],"collection":[{"href":"https:\/\/szuleskonyv.hu\/index.php\/wp-json\/wp\/v2\/pages"}],"about":[{"href":"https:\/\/szuleskonyv.hu\/index.php\/wp-json\/wp\/v2\/types\/page"}],"author":[{"embeddable":true,"href":"https:\/\/szuleskonyv.hu\/index.php\/wp-json\/wp\/v2\/users\/3"}],"replies":[{"embeddable":true,"href":"https:\/\/szuleskonyv.hu\/index.php\/wp-json\/wp\/v2\/comments?post=406"}],"version-history":[{"count":29,"href":"https:\/\/szuleskonyv.hu\/index.php\/wp-json\/wp\/v2\/pages\/406\/revisions"}],"predecessor-version":[{"id":628,"href":"https:\/\/szuleskonyv.hu\/index.php\/wp-json\/wp\/v2\/pages\/406\/revisions\/628"}],"wp:attachment":[{"href":"https:\/\/szuleskonyv.hu\/index.php\/wp-json\/wp\/v2\/media?parent=406"}],"curies":[{"name":"wp","href":"https:\/\/api.w.org\/{rel}","templated":true}]}}