{"id":62,"date":"2021-08-16T15:54:26","date_gmt":"2021-08-16T15:54:26","guid":{"rendered":"https:\/\/szuleskonyv.hu\/?page_id=62"},"modified":"2026-02-09T19:51:42","modified_gmt":"2026-02-09T19:51:42","slug":"tajekoztato-varandosok-reszere","status":"publish","type":"page","link":"https:\/\/szuleskonyv.hu\/index.php\/tajekoztato-varandosok-reszere\/","title":{"rendered":"V\u00e1rand\u00f3soknak"},"content":{"rendered":"<p>[vc_row][vc_column][vc_column_text]<\/p>\n<h1 style=\"text-align: center;\">T\u00e1j\u00e9koztat\u00f3 v\u00e1rand\u00f3sok r\u00e9sz\u00e9re<\/h1>\n<p>&nbsp;<\/p>\n<p><img loading=\"lazy\" decoding=\"async\" class=\"size-medium wp-image-99 alignleft\" src=\"https:\/\/szuleskonyv.hu\/wp-content\/uploads\/2021\/08\/Asset-6-300x249.png\" alt=\"\" width=\"300\" height=\"249\" srcset=\"https:\/\/szuleskonyv.hu\/wp-content\/uploads\/2021\/08\/Asset-6-300x249.png 300w, https:\/\/szuleskonyv.hu\/wp-content\/uploads\/2021\/08\/Asset-6-1024x848.png 1024w, https:\/\/szuleskonyv.hu\/wp-content\/uploads\/2021\/08\/Asset-6.png 1044w\" sizes=\"auto, (max-width: 300px) 100vw, 300px\" \/>A Sz\u00fcl\u00e9sk\u00f6nyv \u00edr\u00e1s\u00e1nak v\u00e9ge fel\u00e9 j\u00e1rva eszembe jutott, hogy milyen j\u00f3 lenne, ha <strong>a sz\u00fcl\u00e9ssel, a k\u00f3rh\u00e1zi sz\u00fcl\u00e9szeti ell\u00e1t\u00e1ssal kapcsolatos legfontosabb tudnival\u00f3k <\/strong>minden v\u00e1rand\u00f3s sz\u00e1m\u00e1ra el\u00e9rhet\u0151k lenn\u00e9nek \u2013 <strong>r\u00f6viden, k\u00f6z\u00e9rthet\u0151 form\u00e1ban \u00e9s ingyenesen<\/strong>. Megpr\u00f3b\u00e1ltam h\u00e1t n\u00e9h\u00e1ny oldalba beles\u0171r\u00edteni a k\u00f6zel 400 oldalas k\u00f6nyv legl\u00e9nyegesebb meg\u00e1llap\u00edt\u00e1sait, hogy legyen egy kiindul\u00f3 \u201einform\u00e1ci\u00f3csomag\u201d, amelynek alapj\u00e1n egy v\u00e1rand\u00f3s n\u0151 \u00e9rdemben el tud kezdeni besz\u00e9lgetni a sz\u00fcl\u00e9szorvos\u00e1val. Felk\u00e9rtem a k\u00f6nyv szaklektor\u00e1t (Dr. B\u00f6decs P\u00e9tert), majd az orsz\u00e1gos vezet\u0151 v\u00e9d\u0151n\u0151t (Odor Andre\u00e1t, Nemzeti N\u00e9peg\u00e9szs\u00e9g\u00fcgyi K\u00f6zpont) \u00e9s a sz\u00fcl\u00e9szet-n\u0151gy\u00f3gy\u00e1szat orsz\u00e1gos szakfel\u00fcgyel\u0151 f\u0151orvos\u00e1t (Dr. B\u00e1lint Bal\u00e1zst, szint\u00e9n NNK), hogy szakmailag v\u00e9lem\u00e9nyezz\u00e9k az anyagot. A vezet\u0151 v\u00e9d\u0151n\u0151 olyannyira aktu\u00e1lisnak \u00e9s fontosnak, hi\u00e1nyp\u00f3tl\u00f3nak tal\u00e1lta a t\u00e1j\u00e9koztat\u00f3t, hogy felaj\u00e1nlotta: szakmai seg\u00e9danyagk\u00e9nt elk\u00fcldi az orsz\u00e1g \u00f6sszes v\u00e9d\u0151n\u0151j\u00e9nek. Ezt term\u00e9szetesen nagy \u00f6r\u00f6mmel fogadtam.<\/p>\n<p>A t\u00e1j\u00e9koztat\u00f3 \u00edgy 2021. j\u00fanius v\u00e9ge \u00f3ta elvileg el\u00e9rhet\u0151 minden v\u00e1rand\u00f3sgondoz\u00e1st v\u00e9gz\u0151 v\u00e9d\u0151n\u0151n\u00e9l, akik elk\u00fcldik vagy odaadj\u00e1k azt a kismam\u00e1iknak (term\u00e9szetesen ingyenesen).<\/p>\n<p>K\u00e9s\u0151bb az is felmer\u00fclt bennem, hogy szeretn\u00e9k hozz\u00e1j\u00e1rulni<strong> az int\u00e9zeten k\u00edv\u00fcli sz\u00fcl\u00e9sre vonatkoz\u00f3<\/strong> bizonytalan, gyakran t\u00e9ves elk\u00e9pzel\u00e9sek eloszlat\u00e1s\u00e1hoz, ez\u00e9rt e t\u00e9m\u00e1ban is k\u00e9sz\u00edtettem egy szakmai <strong>t\u00e1j\u00e9koztat\u00f3 anyagot<\/strong>, amelynek v\u00e9lem\u00e9nyez\u00e9s\u00e9re felk\u00e9rtem az orsz\u00e1gban m\u0171k\u00f6d\u0151 valamennyi b\u00e1b\u00e1t, Dr. Gutmann Orsolya sz\u00fcl\u00e9sz-n\u0151gy\u00f3gy\u00e1sz szakorvos, perinat\u00e1lis szaktan\u00e1csad\u00f3t \u00e9s Dr. B\u00f6decs P\u00e9ter sz\u00fcl\u00e9sz-n\u0151gy\u00f3gy\u00e1sz f\u0151orvost. Rem\u00e9nyeim szerint ez a kis kiadv\u00e1ny seg\u00edt, hogy a v\u00e1rand\u00f3sok hiteles inform\u00e1ci\u00f3k birtok\u00e1ban d\u00f6nthessenek sz\u00fcl\u00e9s\u00fck helysz\u00edn\u00e9r\u0151l.<br \/><\/p>\n<p><strong>A k\u00e9t t\u00e1j\u00e9koztat\u00f3 itt olvashat\u00f3, let\u00f6lthet\u0151, v\u00e1ltoztat\u00e1s n\u00e9lk\u00fcl felhaszn\u00e1lhat\u00f3, terjeszthet\u0151:\u00a0<\/strong><\/p>\n<p><img loading=\"lazy\" decoding=\"async\" class=\"wp-image-80\" src=\"https:\/\/szuleskonyv.hu\/wp-content\/uploads\/2021\/08\/195px-PDF_file_icon.svg_.png\" alt=\"\" width=\"56\" height=\"69\" \/><\/p>\n<p><a href=\"https:\/\/szuleskonyv.hu\/wp-content\/uploads\/2021\/08\/szules_csm_vbac_tajekoztato_ecsedig_2021.pdf\">Sz\u00fcl\u00e9s, cs\u00e1sz\u00e1rmetsz\u00e9s, VBAC t\u00e1j\u00e9koztat\u00f3<\/a><\/p>\n<p><a href=\"https:\/\/szuleskonyv.hu\/wp-content\/uploads\/2022\/07\/otthonszules_tajekoztato_ecsedig_20220715-1.pdf\">T\u00e1j\u00e9koztat\u00f3 az int\u00e9zeten k\u00edv\u00fcli sz\u00fcl\u00e9sr\u0151l<\/a><\/p>\n<p style=\"text-align: center;\">***<\/p>\n<p>Itt pedig <strong>\u00a0SZ\u00dcL\u00c9SI TERV k\u00e9sz\u00edt\u00e9s\u00e9hez <\/strong>tal\u00e1lsz egy\u00a0<strong>szerkeszthet\u0151 mint\u00e1t <\/strong>(kattints r\u00e1):\u00a0<a href=\"https:\/\/szuleskonyv.hu\/wp-content\/uploads\/2026\/02\/szulesi_terv_minta_szuleskonyv-1.docx\">minta sz\u00fcl\u00e9si terv k\u00e9sz\u00edt\u00e9s\u00e9hez<\/a><\/p>\n<p><strong><em>P\u00e1r mondat a sz\u00fcl\u00e9si \u201etervr\u0151l\u201d<\/em><\/strong><\/p>\n<p>Nagyon hasznos, ha el\u0151veszel egy A\/4-es lapot, \u00e9s \u00f6ssze\u00edrod a sz\u00fcl\u00e9sre vonatkoz\u00f3 elk\u00e9pzel\u00e9seidet, k\u00edv\u00e1ns\u00e1gaidat. Ez <strong>neked is seg\u00edt <\/strong>\u00e1tgondolni \u00e9s prioriz\u00e1lni az elk\u00e9pzel\u00e9seidet, \u00e9s a k\u00f3rh\u00e1zi <strong>szem\u00e9lyzetnek is<\/strong>, hogy egy kicsit megismerjenek, \u00e9s \u00edgy k\u00f6nnyebben dolgozzanak egy\u00fctt veled.<\/p>\n<ul>\n<li>A c\u00e9l nem felt\u00e9tlen\u00fcl hossz\u00fa, r\u00e9szletes lista \u00f6ssze\u00e1ll\u00edt\u00e1sa (b\u00e1r az is lehet), hanem az, hogy <strong>r\u00f6gz\u00edtsd azt a n\u00e9h\u00e1ny dolgot<\/strong>, amit nagyon szeretn\u00e9l (pl. arany\u00f3ra; g\u00e1tmetsz\u00e9s elker\u00fcl\u00e9se; m\u00e9hlep\u00e9ny hazavitele; a k\u00f6ld\u00f6kzsin\u00f3r 5 percen t\u00fali elcsatol\u00e1sa), illetve amit lehet\u0151leg szeretn\u00e9l elker\u00fclni (pl. Kristeller-f\u00e9le m\u0171fog\u00e1s, g\u00e1tmetsz\u00e9s). A tervk\u00e9sz\u00edt\u00e9s egyik f\u0151 c\u00e9lja \u00e9s eredm\u00e9nye \u00e9ppen az, hogy saj\u00e1t magad sz\u00e1m\u00e1ra is megfogalmazod, melyek az igaz\u00e1n l\u00e9nyeges k\u00edv\u00e1ns\u00e1gaid, \u00e9s melyek azok, amelyekr\u0151l adott esetben k\u00f6nnyebben le tudsz mondani.<\/li>\n<li>A terv sz\u00f3 a c\u00edmben az\u00e9rt van id\u00e9z\u0151jelben, mert a sz\u00fcl\u00e9s term\u00e9szet\u00e9n\u00e9l fogva nem igaz\u00e1n tervezhet\u0151. \u00c9ppen ez\u00e9rt <strong>nem \u00e9rdemes mereven ragaszkodni<\/strong> a tervben foglalt minden elemhez: j\u00f3, ha megbar\u00e1tkozol a tudattal, hogy a sz\u00fcl\u00e9s sor\u00e1n v\u00e1ltozhatnak a k\u00f6r\u00fclm\u00e9nyek, s\u0151t, a saj\u00e1t sz\u00fcks\u00e9gleteid, v\u00e1gyaid is.<\/li>\n<li>Egy tipp: \u00edrd le a 10 legfontosabb dolgot, azt\u00e1n v\u00e1laszd ki k\u00f6z\u00fcl\u00fck azt az 5-\u00f6t, ami t\u00e9nyleg a legfontosabb! Ezut\u00e1n gondold \u00e1t egyes\u00e9vel az 5 pont tekintet\u00e9ben (de ak\u00e1r mind a 10-\u00e9ben), hogy mit tenn\u00e9l, ha valami\u00e9rt v\u00e1ltozna a terv, \u00e9s nem az eredeti elk\u00e9pzel\u00e9s val\u00f3sulna meg!<\/li>\n<li>Fontos, hogy <strong>legyen B-terved<\/strong>: \u00e9rdemes \u00e1tgondolni a nem k\u00edv\u00e1nt forgat\u00f3k\u00f6nyveket is: pl. tudatosan sz\u00e1mba venni a cs\u00e1sz\u00e1rmetsz\u00e9s eshet\u0151s\u00e9g\u00e9t. Ne f\u00e9lj, ezzel nem az elker\u00fclni k\u00edv\u00e1nt esem\u00e9nyeket vonzod be, hanem a stabilabb biztons\u00e1g\u00e9rzetet.<\/li>\n<\/ul>\n<p>Sz\u00fcl\u00e9si tervet <strong>\u00fcgyeletben<\/strong> t\u00f6rt\u00e9n\u0151 sz\u00fcl\u00e9sre is vihetsz (igaz, akkor nincs m\u00f3d az abban foglaltaknak az orvossal val\u00f3 el\u0151zetes megbesz\u00e9l\u00e9s\u00e9re). Ilyenkor j\u00f3, ha a sz\u00fcl\u00e9s terv \u00e1ttekinthet\u0151, l\u00e9nyegre t\u00f6r\u0151. \u00c9rkez\u00e9skor add \u00e1t a tervet, \u00e9s mondd el az orvosnak, sz\u00fcl\u00e9szn\u0151nek, hogy azt szeretn\u00e9d, hogy lehet\u0151s\u00e9g szerint az abban foglaltaknak megfelel\u0151en j\u00e1rjanak el. Ha az \u00fcgyeletes orvos megtagadn\u00e1 a terv elolvas\u00e1s\u00e1t, megk\u00e9rheted, hogy tegye a k\u00f3rh\u00e1zi eg\u00e9szs\u00e9g\u00fcgyi dokument\u00e1ci\u00f3d anyagai k\u00f6z\u00e9.<\/p>\n<p>A sz\u00fcl\u00e9si tervben term\u00e9szetesen <strong>nem kell felt\u00e9tlen\u00fcl a mint\u00e1ban lathat\u00f3 r\u00e9szletess\u00e9ggel<\/strong> kit\u00e9rni minden k\u00e9rd\u00e9sre, val\u00f3sz\u00edn\u0171leg nem is fontos sz\u00e1modra az \u00f6sszes k\u00e9rd\u00e9s.<\/p>\n<p>[\/vc_column_text][\/vc_column][\/vc_row]<\/p>\n","protected":false},"excerpt":{"rendered":"<p>[vc_row][vc_column][vc_column_text] T\u00e1j\u00e9koztat\u00f3 v\u00e1rand\u00f3sok r\u00e9sz\u00e9re &nbsp; A Sz\u00fcl\u00e9sk\u00f6nyv \u00edr\u00e1s\u00e1nak v\u00e9ge fel\u00e9 j\u00e1rva eszembe jutott, hogy milyen j\u00f3 lenne, ha a sz\u00fcl\u00e9ssel, a k\u00f3rh\u00e1zi sz\u00fcl\u00e9szeti ell\u00e1t\u00e1ssal kapcsolatos legfontosabb tudnival\u00f3k minden v\u00e1rand\u00f3s sz\u00e1m\u00e1ra el\u00e9rhet\u0151k lenn\u00e9nek \u2013 r\u00f6viden, k\u00f6z\u00e9rthet\u0151 form\u00e1ban \u00e9s ingyenesen. Megpr\u00f3b\u00e1ltam h\u00e1t n\u00e9h\u00e1ny oldalba beles\u0171r\u00edteni a k\u00f6zel 400 oldalas k\u00f6nyv legl\u00e9nyegesebb meg\u00e1llap\u00edt\u00e1sait, hogy legyen egy kiindul\u00f3 \u201einform\u00e1ci\u00f3csomag\u201d, [&hellip;]<\/p>\n","protected":false},"author":1,"featured_media":0,"parent":0,"menu_order":0,"comment_status":"closed","ping_status":"closed","template":"","meta":{"footnotes":""},"class_list":["post-62","page","type-page","status-publish","hentry"],"aioseo_notices":[],"_links":{"self":[{"href":"https:\/\/szuleskonyv.hu\/index.php\/wp-json\/wp\/v2\/pages\/62","targetHints":{"allow":["GET"]}}],"collection":[{"href":"https:\/\/szuleskonyv.hu\/index.php\/wp-json\/wp\/v2\/pages"}],"about":[{"href":"https:\/\/szuleskonyv.hu\/index.php\/wp-json\/wp\/v2\/types\/page"}],"author":[{"embeddable":true,"href":"https:\/\/szuleskonyv.hu\/index.php\/wp-json\/wp\/v2\/users\/1"}],"replies":[{"embeddable":true,"href":"https:\/\/szuleskonyv.hu\/index.php\/wp-json\/wp\/v2\/comments?post=62"}],"version-history":[{"count":25,"href":"https:\/\/szuleskonyv.hu\/index.php\/wp-json\/wp\/v2\/pages\/62\/revisions"}],"predecessor-version":[{"id":709,"href":"https:\/\/szuleskonyv.hu\/index.php\/wp-json\/wp\/v2\/pages\/62\/revisions\/709"}],"wp:attachment":[{"href":"https:\/\/szuleskonyv.hu\/index.php\/wp-json\/wp\/v2\/media?parent=62"}],"curies":[{"name":"wp","href":"https:\/\/api.w.org\/{rel}","templated":true}]}}